{"id":1177,"date":"2018-12-28T10:09:54","date_gmt":"2018-12-28T10:09:54","guid":{"rendered":"http:\/\/alicelauramodels.com\/application\/"},"modified":"2023-05-23T15:04:53","modified_gmt":"2023-05-23T15:04:53","slug":"bewerbung","status":"publish","type":"page","link":"https:\/\/alicelauramodels.com\/de\/bewerbung\/","title":{"rendered":"Bewerbung"},"content":{"rendered":"<section class=\"wpb-content-wrapper\"><p>[vc_row content_placement=&#8220;middle&#8220; css=&#8220;.vc_custom_1684854292234{padding-top: 4rem !important;}&#8220;][vc_column width=&#8220;1\/3&#8243;][vc_single_image image=&#8220;789&#8243; img_size=&#8220;320&#215;397&#8243; alignment=&#8220;center&#8220; style=&#8220;vc_box_shadow_border&#8220; image_hovers=&#8220;false&#8220;][\/vc_column][vc_column width=&#8220;2\/3&#8243;][vc_column_text]<\/p>\n<h2><strong>M\u00f6chtest du als Model arbeiten?<\/strong><\/h2>\n<p>Unsere Modelagentur ist st\u00e4ndig auf der Suche nach neuen Gesichtern f\u00fcr internationale Messen, gehobene Events, Modeschauen, Kongresse und andere Veranstaltungen.<\/p>\n<p>Folgendes solltest Du mitbringen, wenn Du Teil unserer Kartei werden m\u00f6chtest.<\/p>\n<ul>\n<li>Appeal und Attraktivit\u00e4t<\/li>\n<li>Kommunikationsst\u00e4rke<\/li>\n<li>Engagement, Teamf\u00e4higkeit und Selbstst\u00e4ndigkeit<\/li>\n<li>Zuverl\u00e4ssigkeit und ein verbindliches Auftreten<\/li>\n<li>Sehr gute Englischkenntnisse und weitere Fremdsprachen<\/li>\n<li>Sehr kontaktfreudig, berufliche Erfahrungen im Verkauf und mit Promotionen<\/li>\n<li>Gr\u00f6\u00dfe (Frauen mindestens 1, 70 m \/ M\u00e4nner mindestens 1,80 m)<\/li>\n<li>Alter (21-35)<\/li>\n<\/ul>\n<p>Wir freuen uns auf deine Bewerbung!<\/p>\n<h1><\/h1>\n<p>[\/vc_column_text][\/vc_column][\/vc_row][vc_row full_width=&#8220;stretch_row&#8220; css=&#8220;.vc_custom_1545991591510{background-color: #f1f1f1 !important;}&#8220;][vc_column][vc_column_text]<\/p>\n<h3 style=\"text-align: center;\">Bewerbung<\/h3>\n<p>[\/vc_column_text][gravityform id=&#8220;5&#8243; title=&#8220;false&#8220; description=&#8220;false&#8220; ajax=&#8220;false&#8220;][vc_empty_space height=&#8220;45px&#8220;][\/vc_column][\/vc_row]<\/p>\n<\/section>","protected":false},"excerpt":{"rendered":"<p>[vc_row content_placement=&#8220;middle&#8220; css=&#8220;.vc_custom_1684854292234{padding-top: 4rem !important;}&#8220;][vc_column width=&#8220;1\/3&#8243;][vc_single_image image=&#8220;789&#8243; img_size=&#8220;320&#215;397&#8243; alignment=&#8220;center&#8220; style=&#8220;vc_box_shadow_border&#8220; image_hovers=&#8220;false&#8220;][\/vc_column][vc_column width=&#8220;2\/3&#8243;][vc_column_text] M\u00f6chtest du als Model arbeiten? Unsere Modelagentur ist st\u00e4ndig auf der Suche nach neuen Gesichtern f\u00fcr internationale Messen, gehobene Events, Modeschauen, Kongresse und andere Veranstaltungen. Folgendes solltest Du mitbringen, wenn Du Teil unserer Kartei werden m\u00f6chtest. Appeal und Attraktivit\u00e4t Kommunikationsst\u00e4rke Engagement, Teamf\u00e4higkeit und&hellip;<\/p>\n","protected":false},"author":1,"featured_media":0,"parent":0,"menu_order":0,"comment_status":"closed","ping_status":"closed","template":"","meta":{"footnotes":""},"class_list":["post-1177","page","type-page","status-publish","hentry","description-off"],"yoast_head":"<!-- This site is optimized with the Yoast SEO plugin v27.4 - https:\/\/yoast.com\/product\/yoast-seo-wordpress\/ -->\n<title>Want to be a model?<\/title>\n<meta name=\"description\" content=\"Our DFW model agency is constantly looking for new faces for our international trade shows, VIP events, fashion shows, congresses and other events.\" \/>\n<meta name=\"robots\" content=\"index, follow, max-snippet:-1, max-image-preview:large, max-video-preview:-1\" \/>\n<link rel=\"canonical\" href=\"https:\/\/alicelauramodels.com\/de\/bewerbung\/\" \/>\n<meta property=\"og:locale\" content=\"de_DE\" \/>\n<meta property=\"og:type\" content=\"article\" \/>\n<meta property=\"og:title\" content=\"Want to be a model?\" \/>\n<meta property=\"og:description\" content=\"Our DFW model agency is constantly looking for new faces for our international trade shows, VIP events, fashion shows, congresses and other events.\" \/>\n<meta property=\"og:url\" content=\"https:\/\/alicelauramodels.com\/de\/bewerbung\/\" \/>\n<meta property=\"og:site_name\" content=\"Alice Laura Models\" \/>\n<meta property=\"article:publisher\" content=\"https:\/\/www.facebook.com\/alicelauramodels\/\" \/>\n<meta property=\"article:modified_time\" content=\"2023-05-23T15:04:53+00:00\" \/>\n<meta property=\"og:image\" content=\"https:\/\/alicelauramodels.com\/wp-content\/uploads\/2022\/03\/facebook-alicelaura-share.jpg\" \/>\n\t<meta property=\"og:image:width\" content=\"1200\" \/>\n\t<meta property=\"og:image:height\" content=\"630\" \/>\n\t<meta property=\"og:image:type\" content=\"image\/jpeg\" \/>\n<meta name=\"twitter:card\" content=\"summary_large_image\" \/>\n<meta name=\"twitter:site\" content=\"@alicelauramodel\" \/>\n<meta name=\"twitter:label1\" content=\"Gesch\u00e4tzte Lesezeit\" \/>\n\t<meta name=\"twitter:data1\" content=\"1\u00a0Minute\" \/>\n<script type=\"application\/ld+json\" class=\"yoast-schema-graph\">{\"@context\":\"https:\\\/\\\/schema.org\",\"@graph\":[{\"@type\":\"WebPage\",\"@id\":\"https:\\\/\\\/alicelauramodels.com\\\/de\\\/bewerbung\\\/\",\"url\":\"https:\\\/\\\/alicelauramodels.com\\\/de\\\/bewerbung\\\/\",\"name\":\"Want to be a model?\",\"isPartOf\":{\"@id\":\"https:\\\/\\\/alicelauramodels.com\\\/#website\"},\"datePublished\":\"2018-12-28T10:09:54+00:00\",\"dateModified\":\"2023-05-23T15:04:53+00:00\",\"description\":\"Our DFW model agency is constantly looking for new faces for our international trade shows, VIP events, fashion shows, congresses and other events.\",\"breadcrumb\":{\"@id\":\"https:\\\/\\\/alicelauramodels.com\\\/de\\\/bewerbung\\\/#breadcrumb\"},\"inLanguage\":\"de\",\"potentialAction\":[{\"@type\":\"ReadAction\",\"target\":[\"https:\\\/\\\/alicelauramodels.com\\\/de\\\/bewerbung\\\/\"]}]},{\"@type\":\"BreadcrumbList\",\"@id\":\"https:\\\/\\\/alicelauramodels.com\\\/de\\\/bewerbung\\\/#breadcrumb\",\"itemListElement\":[{\"@type\":\"ListItem\",\"position\":1,\"name\":\"Home\",\"item\":\"https:\\\/\\\/alicelauramodels.com\\\/de\\\/\"},{\"@type\":\"ListItem\",\"position\":2,\"name\":\"Bewerbung\"}]},{\"@type\":\"WebSite\",\"@id\":\"https:\\\/\\\/alicelauramodels.com\\\/#website\",\"url\":\"https:\\\/\\\/alicelauramodels.com\\\/\",\"name\":\"Alice Laura Models\",\"description\":\"Modeling &amp; Premium Staffing Agency\",\"publisher\":{\"@id\":\"https:\\\/\\\/alicelauramodels.com\\\/#organization\"},\"alternateName\":\"Alice Laura Models\",\"potentialAction\":[{\"@type\":\"SearchAction\",\"target\":{\"@type\":\"EntryPoint\",\"urlTemplate\":\"https:\\\/\\\/alicelauramodels.com\\\/?s={search_term_string}\"},\"query-input\":{\"@type\":\"PropertyValueSpecification\",\"valueRequired\":true,\"valueName\":\"search_term_string\"}}],\"inLanguage\":\"de\"},{\"@type\":\"Organization\",\"@id\":\"https:\\\/\\\/alicelauramodels.com\\\/#organization\",\"name\":\"Alice Laura Models\",\"alternateName\":\"Alice Laura Models\",\"url\":\"https:\\\/\\\/alicelauramodels.com\\\/\",\"logo\":{\"@type\":\"ImageObject\",\"inLanguage\":\"de\",\"@id\":\"https:\\\/\\\/alicelauramodels.com\\\/#\\\/schema\\\/logo\\\/image\\\/\",\"url\":\"https:\\\/\\\/alicelauramodels.com\\\/wp-content\\\/uploads\\\/2018\\\/12\\\/ALICE_LAURA01-1.jpg\",\"contentUrl\":\"https:\\\/\\\/alicelauramodels.com\\\/wp-content\\\/uploads\\\/2018\\\/12\\\/ALICE_LAURA01-1.jpg\",\"width\":410,\"height\":221,\"caption\":\"Alice Laura Models\"},\"image\":{\"@id\":\"https:\\\/\\\/alicelauramodels.com\\\/#\\\/schema\\\/logo\\\/image\\\/\"},\"sameAs\":[\"https:\\\/\\\/www.facebook.com\\\/alicelauramodels\\\/\",\"https:\\\/\\\/x.com\\\/alicelauramodel\",\"https:\\\/\\\/www.instagram.com\\\/alicelauramodels\\\/\",\"https:\\\/\\\/www.linkedin.com\\\/company\\\/alice-laura-models\\\/\"]}]}<\/script>\n<!-- \/ Yoast SEO plugin. -->","yoast_head_json":{"title":"Want to be a model?","description":"Our DFW model agency is constantly looking for new faces for our international trade shows, VIP events, fashion shows, congresses and other events.","robots":{"index":"index","follow":"follow","max-snippet":"max-snippet:-1","max-image-preview":"max-image-preview:large","max-video-preview":"max-video-preview:-1"},"canonical":"https:\/\/alicelauramodels.com\/de\/bewerbung\/","og_locale":"de_DE","og_type":"article","og_title":"Want to be a model?","og_description":"Our DFW model agency is constantly looking for new faces for our international trade shows, VIP events, fashion shows, congresses and other events.","og_url":"https:\/\/alicelauramodels.com\/de\/bewerbung\/","og_site_name":"Alice Laura Models","article_publisher":"https:\/\/www.facebook.com\/alicelauramodels\/","article_modified_time":"2023-05-23T15:04:53+00:00","og_image":[{"width":1200,"height":630,"url":"https:\/\/alicelauramodels.com\/wp-content\/uploads\/2022\/03\/facebook-alicelaura-share.jpg","type":"image\/jpeg"}],"twitter_card":"summary_large_image","twitter_site":"@alicelauramodel","twitter_misc":{"Gesch\u00e4tzte Lesezeit":"1\u00a0Minute"},"schema":{"@context":"https:\/\/schema.org","@graph":[{"@type":"WebPage","@id":"https:\/\/alicelauramodels.com\/de\/bewerbung\/","url":"https:\/\/alicelauramodels.com\/de\/bewerbung\/","name":"Want to be a model?","isPartOf":{"@id":"https:\/\/alicelauramodels.com\/#website"},"datePublished":"2018-12-28T10:09:54+00:00","dateModified":"2023-05-23T15:04:53+00:00","description":"Our DFW model agency is constantly looking for new faces for our international trade shows, VIP events, fashion shows, congresses and other events.","breadcrumb":{"@id":"https:\/\/alicelauramodels.com\/de\/bewerbung\/#breadcrumb"},"inLanguage":"de","potentialAction":[{"@type":"ReadAction","target":["https:\/\/alicelauramodels.com\/de\/bewerbung\/"]}]},{"@type":"BreadcrumbList","@id":"https:\/\/alicelauramodels.com\/de\/bewerbung\/#breadcrumb","itemListElement":[{"@type":"ListItem","position":1,"name":"Home","item":"https:\/\/alicelauramodels.com\/de\/"},{"@type":"ListItem","position":2,"name":"Bewerbung"}]},{"@type":"WebSite","@id":"https:\/\/alicelauramodels.com\/#website","url":"https:\/\/alicelauramodels.com\/","name":"Alice Laura Models","description":"Modeling &amp; Premium Staffing Agency","publisher":{"@id":"https:\/\/alicelauramodels.com\/#organization"},"alternateName":"Alice Laura Models","potentialAction":[{"@type":"SearchAction","target":{"@type":"EntryPoint","urlTemplate":"https:\/\/alicelauramodels.com\/?s={search_term_string}"},"query-input":{"@type":"PropertyValueSpecification","valueRequired":true,"valueName":"search_term_string"}}],"inLanguage":"de"},{"@type":"Organization","@id":"https:\/\/alicelauramodels.com\/#organization","name":"Alice Laura Models","alternateName":"Alice Laura Models","url":"https:\/\/alicelauramodels.com\/","logo":{"@type":"ImageObject","inLanguage":"de","@id":"https:\/\/alicelauramodels.com\/#\/schema\/logo\/image\/","url":"https:\/\/alicelauramodels.com\/wp-content\/uploads\/2018\/12\/ALICE_LAURA01-1.jpg","contentUrl":"https:\/\/alicelauramodels.com\/wp-content\/uploads\/2018\/12\/ALICE_LAURA01-1.jpg","width":410,"height":221,"caption":"Alice Laura Models"},"image":{"@id":"https:\/\/alicelauramodels.com\/#\/schema\/logo\/image\/"},"sameAs":["https:\/\/www.facebook.com\/alicelauramodels\/","https:\/\/x.com\/alicelauramodel","https:\/\/www.instagram.com\/alicelauramodels\/","https:\/\/www.linkedin.com\/company\/alice-laura-models\/"]}]}},"_links":{"self":[{"href":"https:\/\/alicelauramodels.com\/de\/wp-json\/wp\/v2\/pages\/1177","targetHints":{"allow":["GET"]}}],"collection":[{"href":"https:\/\/alicelauramodels.com\/de\/wp-json\/wp\/v2\/pages"}],"about":[{"href":"https:\/\/alicelauramodels.com\/de\/wp-json\/wp\/v2\/types\/page"}],"author":[{"embeddable":true,"href":"https:\/\/alicelauramodels.com\/de\/wp-json\/wp\/v2\/users\/1"}],"replies":[{"embeddable":true,"href":"https:\/\/alicelauramodels.com\/de\/wp-json\/wp\/v2\/comments?post=1177"}],"version-history":[{"count":4,"href":"https:\/\/alicelauramodels.com\/de\/wp-json\/wp\/v2\/pages\/1177\/revisions"}],"predecessor-version":[{"id":5999,"href":"https:\/\/alicelauramodels.com\/de\/wp-json\/wp\/v2\/pages\/1177\/revisions\/5999"}],"wp:attachment":[{"href":"https:\/\/alicelauramodels.com\/de\/wp-json\/wp\/v2\/media?parent=1177"}],"curies":[{"name":"wp","href":"https:\/\/api.w.org\/{rel}","templated":true}]}}